



{"id":2082,"date":"2021-03-15T18:17:57","date_gmt":"2021-03-15T17:17:57","guid":{"rendered":"https:\/\/www.tadig.es\/blog\/?page_id=2082"},"modified":"2022-02-09T16:53:23","modified_gmt":"2022-02-09T15:53:23","slug":"politica-de-comentarios","status":"publish","type":"page","link":"https:\/\/www.tadig.es\/blog\/politica-de-comentarios\/","title":{"rendered":"Pol\u00edtica de comentarios"},"content":{"rendered":"\n<div class=\"wp-block-group general__section-headings--light\"><div class=\"wp-block-group__inner-container is-layout-flow wp-block-group-is-layout-flow\">\n<div style=\"height:70px\" aria-hidden=\"true\" class=\"wp-block-spacer\"><\/div>\n\n\n\n<h1 class=\"has-text-align-center wp-block-heading\" id=\"politica-de-comentarios\">Pol\u00edtica de Comentarios<\/h1>\n<\/div><\/div>\n\n\n\n<div style=\"height:40px\" aria-hidden=\"true\" class=\"wp-block-spacer\"><\/div>\n\n\n\n<div class=\"wp-block-group general__boxed-page general__body-slim\"><div class=\"wp-block-group__inner-container is-layout-flow wp-block-group-is-layout-flow\">\n<p>Al comentar los art\u00edculos publicados en el blog de TADIG, los autores de los mismos aceptan la siguiente pol\u00edtica de publicaci\u00f3n de comentarios.<\/p>\n\n\n\n<ul class=\"wp-block-list\"><li><strong>Los comentarios del blog de TADIG son moderados<\/strong> por los responsables de la web. La publicaci\u00f3n de los comentarios tras su env\u00edo por parte de los visitantes est\u00e1 condicionada por el cumplimiento de la pol\u00edtica de comentarios aqu\u00ed desarrollada.<\/li><li><strong>No est\u00e1 permitido el spam en comentarios<\/strong>. Los enlaces incluidos en comentarios ser\u00e1n estudiados antes de la publicaci\u00f3n.<\/li><li>Las propuestas comerciales hechas a trav\u00e9s de comentarios no ser\u00e1n respondidas. <strong>Si est\u00e1 interesado en los servicios de TADIG, le rogamos se ponga en contacto con nosotros mediante email, tel\u00e9fono o formulario de contacto<\/strong>.<\/li><li>No calculamos jornadas de trabajo. Esto incluye indicar las horas de comienzo o fin de conducci\u00f3n o descanso en funci\u00f3n de datos aportados en el comentario. <strong>El c\u00e1lculo de jornadas queda reservado a clientes del servicio TADIG y por los medios habilitados para ello<\/strong>.<\/li><li><strong>Los comentarios de car\u00e1cter incendiario<\/strong> o acusador hacia participantes del sector (conductores, empresas de transporte, administraci\u00f3n, agentes del orden p\u00fablico, agencias o cargadores) <strong>no ser\u00e1n publicados bajo ning\u00fan concepto<\/strong>.<\/li><li><strong>Rogamos claridad<\/strong> en los comentarios: si no entendemos las afirmaciones o dudas planteadas por una mala expresi\u00f3n, no podremos responderlos.<\/li><li>En la medida de lo posible, <strong>pedimos correcci\u00f3n ortogr\u00e1fica y gramatical<\/strong>, uso correcto de los signos de puntuaci\u00f3n, y mesura en el uso de may\u00fasculas.<\/li><li>No somos el Ministerio de Transportes: <strong>en caso de duda o desacuerdo, siempre primar\u00e1 lo indicado por parte del ministerio<\/strong>, ya sea por v\u00eda escrita, mediante consultas y legislaci\u00f3n, o desde las Oficinas Provinciales de Transporte.<\/li><li><strong>En ning\u00fan caso las opiniones vertidas en los comentarios reflejan la opini\u00f3n de TADIG<\/strong>, s\u00f3lo la de sus autores.<\/li><li>El blog de TADIG es un rinc\u00f3n informativo de la web. Como tal, contrastamos y nos documentamos para nuestros art\u00edculos, pero <strong>no nos responsabilizamos<\/strong> del uso que den nuestros lectores a la informaci\u00f3n aqu\u00ed publicada.<\/li><\/ul>\n<\/div><\/div>\n\n\n\n<div style=\"height:50px\" aria-hidden=\"true\" class=\"wp-block-spacer\"><\/div>\n","protected":false},"excerpt":{"rendered":"<p>Pol\u00edtica de Comentarios Al comentar los art\u00edculos publicados en el blog de TADIG, los autores de los mismos aceptan la siguiente pol\u00edtica de publicaci\u00f3n de comentarios. Los comentarios del blog de TADIG son moderados por los responsables de la web. La publicaci\u00f3n de los comentarios tras su env\u00edo por parte de los visitantes est\u00e1 condicionada&hellip;&nbsp;<\/p>\n<div class=\"read-more-wrapper\"><a href=\"https:\/\/www.tadig.es\/blog\/politica-de-comentarios\/\" class=\"button button-primary\" rel=\"bookmark\">Seguir leyendo \u00bb<span class=\"screen-reader-text\">Pol\u00edtica de comentarios<\/span><\/a><\/div>\n","protected":false},"author":2,"featured_media":0,"parent":0,"menu_order":0,"comment_status":"closed","ping_status":"closed","template":"","meta":{"neve_meta_sidebar":"","neve_meta_container":"","neve_meta_enable_content_width":"","neve_meta_content_width":0,"neve_meta_title_alignment":"","neve_meta_author_avatar":"","neve_post_elements_order":"","neve_meta_disable_header":"","neve_meta_disable_footer":"","neve_meta_disable_title":"on","neve_meta_reading_time":"","footnotes":""},"class_list":["post-2082","page","type-page","status-publish","hentry"],"yoast_head":"<!-- This site is optimized with the Yoast SEO plugin v27.1.1 - https:\/\/yoast.com\/product\/yoast-seo-wordpress\/ -->\n<title>Pol\u00edtica de comentarios - TADIG | Blog<\/title>\n<meta name=\"robots\" content=\"noindex, nofollow\" \/>\n<meta property=\"og:locale\" content=\"es_ES\" \/>\n<meta property=\"og:type\" content=\"article\" \/>\n<meta property=\"og:title\" content=\"Pol\u00edtica de comentarios - TADIG | Blog\" \/>\n<meta property=\"og:description\" content=\"Pol\u00edtica de Comentarios Al comentar los art\u00edculos publicados en el blog de TADIG, los autores de los mismos aceptan la siguiente pol\u00edtica de publicaci\u00f3n de comentarios. Los comentarios del blog de TADIG son moderados por los responsables de la web. La publicaci\u00f3n de los comentarios tras su env\u00edo por parte de los visitantes est\u00e1 condicionada&hellip;&nbsp;Seguir leyendo \u00bbPol\u00edtica de comentarios\" \/>\n<meta property=\"og:url\" content=\"https:\/\/www.tadig.es\/blog\/politica-de-comentarios\/\" \/>\n<meta property=\"og:site_name\" content=\"TADIG | Blog\" \/>\n<meta property=\"article:modified_time\" content=\"2022-02-09T15:53:23+00:00\" \/>\n<meta name=\"twitter:card\" content=\"summary_large_image\" \/>\n<meta name=\"twitter:site\" content=\"@tacografo_Tadig\" \/>\n<meta name=\"twitter:label1\" content=\"Tiempo de lectura\" \/>\n\t<meta name=\"twitter:data1\" content=\"2 minutos\" \/>\n<script type=\"application\/ld+json\" class=\"yoast-schema-graph\">{\"@context\":\"https:\/\/schema.org\",\"@graph\":[{\"@type\":\"WebPage\",\"@id\":\"https:\/\/www.tadig.es\/blog\/politica-de-comentarios\/\",\"url\":\"https:\/\/www.tadig.es\/blog\/politica-de-comentarios\/\",\"name\":\"Pol\u00edtica de comentarios - TADIG | Blog\",\"isPartOf\":{\"@id\":\"https:\/\/www.tadig.es\/blog\/#website\"},\"datePublished\":\"2021-03-15T17:17:57+00:00\",\"dateModified\":\"2022-02-09T15:53:23+00:00\",\"breadcrumb\":{\"@id\":\"https:\/\/www.tadig.es\/blog\/politica-de-comentarios\/#breadcrumb\"},\"inLanguage\":\"es\",\"potentialAction\":[{\"@type\":\"ReadAction\",\"target\":[\"https:\/\/www.tadig.es\/blog\/politica-de-comentarios\/\"]}]},{\"@type\":\"BreadcrumbList\",\"@id\":\"https:\/\/www.tadig.es\/blog\/politica-de-comentarios\/#breadcrumb\",\"itemListElement\":[{\"@type\":\"ListItem\",\"position\":1,\"name\":\"Blog\",\"item\":\"https:\/\/www.tadig.es\/blog\/\"},{\"@type\":\"ListItem\",\"position\":2,\"name\":\"Pol\u00edtica de comentarios\"}]},{\"@type\":\"WebSite\",\"@id\":\"https:\/\/www.tadig.es\/blog\/#website\",\"url\":\"https:\/\/www.tadig.es\/blog\/\",\"name\":\"TADIG | Blog\",\"description\":\"Todo lo que necesitas saber sobre el tac\u00f3grafo digital.\",\"publisher\":{\"@id\":\"https:\/\/www.tadig.es\/blog\/#organization\"},\"potentialAction\":[{\"@type\":\"SearchAction\",\"target\":{\"@type\":\"EntryPoint\",\"urlTemplate\":\"https:\/\/www.tadig.es\/blog\/?s={search_term_string}\"},\"query-input\":{\"@type\":\"PropertyValueSpecification\",\"valueRequired\":true,\"valueName\":\"search_term_string\"}}],\"inLanguage\":\"es\"},{\"@type\":\"Organization\",\"@id\":\"https:\/\/www.tadig.es\/blog\/#organization\",\"name\":\"TADIG\",\"url\":\"https:\/\/www.tadig.es\/blog\/\",\"logo\":{\"@type\":\"ImageObject\",\"inLanguage\":\"es\",\"@id\":\"https:\/\/www.tadig.es\/blog\/#\/schema\/logo\/image\/\",\"url\":\"https:\/\/www.tadig.es\/blog\/wp-content\/uploads\/2019\/06\/logo-tadig-1.png\",\"contentUrl\":\"https:\/\/www.tadig.es\/blog\/wp-content\/uploads\/2019\/06\/logo-tadig-1.png\",\"width\":96,\"height\":50,\"caption\":\"TADIG\"},\"image\":{\"@id\":\"https:\/\/www.tadig.es\/blog\/#\/schema\/logo\/image\/\"},\"sameAs\":[\"https:\/\/x.com\/tacografo_Tadig\"]}]}<\/script>\n<!-- \/ Yoast SEO plugin. -->","yoast_head_json":{"title":"Pol\u00edtica de comentarios - TADIG | Blog","robots":{"index":"noindex","follow":"nofollow"},"og_locale":"es_ES","og_type":"article","og_title":"Pol\u00edtica de comentarios - TADIG | Blog","og_description":"Pol\u00edtica de Comentarios Al comentar los art\u00edculos publicados en el blog de TADIG, los autores de los mismos aceptan la siguiente pol\u00edtica de publicaci\u00f3n de comentarios. Los comentarios del blog de TADIG son moderados por los responsables de la web. La publicaci\u00f3n de los comentarios tras su env\u00edo por parte de los visitantes est\u00e1 condicionada&hellip;&nbsp;Seguir leyendo \u00bbPol\u00edtica de comentarios","og_url":"https:\/\/www.tadig.es\/blog\/politica-de-comentarios\/","og_site_name":"TADIG | Blog","article_modified_time":"2022-02-09T15:53:23+00:00","twitter_card":"summary_large_image","twitter_site":"@tacografo_Tadig","twitter_misc":{"Tiempo de lectura":"2 minutos"},"schema":{"@context":"https:\/\/schema.org","@graph":[{"@type":"WebPage","@id":"https:\/\/www.tadig.es\/blog\/politica-de-comentarios\/","url":"https:\/\/www.tadig.es\/blog\/politica-de-comentarios\/","name":"Pol\u00edtica de comentarios - TADIG | Blog","isPartOf":{"@id":"https:\/\/www.tadig.es\/blog\/#website"},"datePublished":"2021-03-15T17:17:57+00:00","dateModified":"2022-02-09T15:53:23+00:00","breadcrumb":{"@id":"https:\/\/www.tadig.es\/blog\/politica-de-comentarios\/#breadcrumb"},"inLanguage":"es","potentialAction":[{"@type":"ReadAction","target":["https:\/\/www.tadig.es\/blog\/politica-de-comentarios\/"]}]},{"@type":"BreadcrumbList","@id":"https:\/\/www.tadig.es\/blog\/politica-de-comentarios\/#breadcrumb","itemListElement":[{"@type":"ListItem","position":1,"name":"Blog","item":"https:\/\/www.tadig.es\/blog\/"},{"@type":"ListItem","position":2,"name":"Pol\u00edtica de comentarios"}]},{"@type":"WebSite","@id":"https:\/\/www.tadig.es\/blog\/#website","url":"https:\/\/www.tadig.es\/blog\/","name":"TADIG | Blog","description":"Todo lo que necesitas saber sobre el tac\u00f3grafo digital.","publisher":{"@id":"https:\/\/www.tadig.es\/blog\/#organization"},"potentialAction":[{"@type":"SearchAction","target":{"@type":"EntryPoint","urlTemplate":"https:\/\/www.tadig.es\/blog\/?s={search_term_string}"},"query-input":{"@type":"PropertyValueSpecification","valueRequired":true,"valueName":"search_term_string"}}],"inLanguage":"es"},{"@type":"Organization","@id":"https:\/\/www.tadig.es\/blog\/#organization","name":"TADIG","url":"https:\/\/www.tadig.es\/blog\/","logo":{"@type":"ImageObject","inLanguage":"es","@id":"https:\/\/www.tadig.es\/blog\/#\/schema\/logo\/image\/","url":"https:\/\/www.tadig.es\/blog\/wp-content\/uploads\/2019\/06\/logo-tadig-1.png","contentUrl":"https:\/\/www.tadig.es\/blog\/wp-content\/uploads\/2019\/06\/logo-tadig-1.png","width":96,"height":50,"caption":"TADIG"},"image":{"@id":"https:\/\/www.tadig.es\/blog\/#\/schema\/logo\/image\/"},"sameAs":["https:\/\/x.com\/tacografo_Tadig"]}]}},"_links":{"self":[{"href":"https:\/\/www.tadig.es\/blog\/wp-json\/wp\/v2\/pages\/2082","targetHints":{"allow":["GET"]}}],"collection":[{"href":"https:\/\/www.tadig.es\/blog\/wp-json\/wp\/v2\/pages"}],"about":[{"href":"https:\/\/www.tadig.es\/blog\/wp-json\/wp\/v2\/types\/page"}],"author":[{"embeddable":true,"href":"https:\/\/www.tadig.es\/blog\/wp-json\/wp\/v2\/users\/2"}],"replies":[{"embeddable":true,"href":"https:\/\/www.tadig.es\/blog\/wp-json\/wp\/v2\/comments?post=2082"}],"version-history":[{"count":0,"href":"https:\/\/www.tadig.es\/blog\/wp-json\/wp\/v2\/pages\/2082\/revisions"}],"wp:attachment":[{"href":"https:\/\/www.tadig.es\/blog\/wp-json\/wp\/v2\/media?parent=2082"}],"curies":[{"name":"wp","href":"https:\/\/api.w.org\/{rel}","templated":true}]}}